{"id":123,"date":"2018-06-03T12:32:49","date_gmt":"2018-06-03T10:32:49","guid":{"rendered":"http:\/\/www.praxis-jarrestadt.de\/?page_id=123"},"modified":"2018-06-09T22:20:13","modified_gmt":"2018-06-09T20:20:13","slug":"information-zum-datenschutz","status":"publish","type":"page","link":"http:\/\/www.praxis-jarrestadt.de\/?page_id=123","title":{"rendered":"Datenschutz in der Praxis"},"content":{"rendered":"<p>Sehr geehrte Patientin, sehr geehrter Patient,<\/p>\n<p>der Schutz Ihrer personenbezogenen Daten ist uns wichtig. Nach der EU-Datenschutz-Grundverordnung (EU-DSGVO) sind wir verpflichtet, Sie dar\u00fcber zu informieren, zu welchem Zweck unsere Praxis Daten erhebt, speichert oder weiterleitet. Der Information k\u00f6nnen Sie auch entnehmen, welche Rechte Sie in puncto Datenschutz haben.<br \/>\n&nbsp;<\/p>\n<h3>1. Verantwortlichkeit f\u00fcr die Datenverarbeitung<\/h3>\n<p>Verantwortlich f\u00fcr die Datenverarbeitung:<br \/>\nDr. med. Ulrike Baumann-Schr\u00f6der<br \/>\nPraxis Jarrestadt<br \/>\nJarrestra\u00dfe 42, 22303 Hamburg<br \/>\n040 \u2013 270 75 901<br \/>\n&nbsp;<\/p>\n<h3>2. Zweck der Datenverarbeitung<\/h3>\n<p>Die Datenverarbeitung erfolgt aufgrund gesetzlicher Vorgaben, um den Behandlungsvertrag zwischen Ihnen und Ihrem Arzt und die damit verbundenen Pflichten zu erf\u00fcllen. Hierzu verarbeiten wir Ihre personenbezogenen Daten, insbesondere Ihre Gesundheitsdaten.<br \/>\nIn der <b>Praxis Jarrestadt<\/b> und der <b>Praxis im Hanse-Merkur-Zentrum f\u00fcr Traditionelle Chinesische Medizin am UKE<\/b> sind mehrere \u00c4rzte und Therapeuten\/Ern\u00e4hrungsberater t\u00e4tig. Zur Sicherung einer hochwertigen medizinischen Versorgung unserer Patienten nutzen wir den praxisinternen fachlichen Austausch, zur Gew\u00e4hrleistung der Behandlungskontinuit\u00e4t besteht die M\u00f6glichkeit, sich gegenseitig zu vertreten.<br \/>\nHierf\u00fcr ist es notwendig, dass Sie zu Beginn Ihrer Behandlung mit Ihrer Unterschrift uns Ihr Einverst\u00e4ndnis geben, dass \u00c4rzte und Therapeuten\/Ern\u00e4hrungsberater, die in der <b>Praxis Jarrestadt<\/b> und der <b>Praxis im Hanse-Merkur-Zentrum f\u00fcr Traditionelle Chinesische Medizin am UKE<\/b> t\u00e4tig sind, Einsicht in Ihre Daten, die zum Zweck der Behandlungsdokumentation erhoben und gespeichert werden, haben d\u00fcrfen, damit diese im Rahmen der medizinischen Behandlung ber\u00fccksichtigt werden k\u00f6nnen.<br \/>\nDazu z\u00e4hlen Anamnesen, Diagnosen, Therapievorschl\u00e4ge und Befunde, die wir oder andere \u00c4rzte erheben. Zu diesen Zwecken k\u00f6nnen uns auch andere \u00c4rzte oder Psychotherapeuten, bei denen Sie in Behandlung sind, Daten zur Verf\u00fcgung stellen, sofern Sie dazu Ihre Einwilligung gegeben haben (z.B. in Arztbriefen).<br \/>\nDie Erhebung von Gesundheitsdaten ist Voraussetzung f\u00fcr Ihre Behandlung. Werden die notwendigen Informationen nicht bereitgestellt, kann eine sorgf\u00e4ltige Behandlung nicht erfolgen.<br \/>\n&nbsp;<\/p>\n<h3>3. Empf\u00e4nger Ihrer Daten<\/h3>\n<p>Wir \u00fcbermitteln Ihre personenbezogenen Daten nur dann an Dritte, wenn dies gesetzlich erlaubt ist und\/oder Sie eingewilligt haben.<br \/>\nEmpf\u00e4nger Ihrer personenbezogenen Daten k\u00f6nnen vor allem andere \u00c4rzte \/ Psychotherapeuten, Kassen\u00e4rztliche Vereinigungen, Krankenkassen, der Medizinische Dienst der Krankenversicherung, \u00c4rztekammern und privat\u00e4rztliche Verrechnungsstellen sein.<br \/>\nDie \u00dcbermittlung erfolgt \u00fcberwiegend zum Zwecke der Abrechnung der bei Ihnen erbrachten Leistungen, zur Kl\u00e4rung von medizinischen und sich aus Ihrem Versicherungsverh\u00e4ltnis ergebenden Fragen. Im Einzelfall kann es notwendig sein, Daten an weitere berechtigte Empf\u00e4nger, z.B. f\u00fcr externe Laboruntersuchungen oder zur Anforderung von Medikamenten und Rezepturen an Apotheken zu \u00fcbermitteln.<br \/>\n&nbsp;<\/p>\n<h3>4. Speicherung Ihrer Daten<\/h3>\n<p>Wir bewahren Ihre personenbezogenen Daten nur solange auf, wie dies f\u00fcr die Durchf\u00fchrung der Behandlung erforderlich ist.<br \/>\nAufgrund rechtlicher Vorgaben sind wir dazu verpflichtet, diese Daten mindestens 10 Jahre nach Abschluss der Behandlung aufzubewahren. Nach anderen Vorschriften k\u00f6nnen sich l\u00e4ngere Aufbewahrungsfristen ergeben, zum Beispiel 30 Jahre bei R\u00f6ntgenaufzeichnungen laut Paragraf 28 Absatz 3 der R\u00f6ntgenverordnung.<br \/>\n&nbsp;<\/p>\n<h3>5. Ihre Rechte<\/h3>\n<p>Sie haben das Recht, \u00fcber die Sie betreffenden personenbezogenen Daten Auskunft zu erhalten. Auch k\u00f6nnen Sie die Berichtigung unrichtiger Daten verlangen.<br \/>\nDar\u00fcber hinaus steht Ihnen unter bestimmten Voraussetzungen das Recht auf L\u00f6schung von Daten, das Recht auf Einschr\u00e4nkung der Datenverarbeitung sowie das Recht auf Daten\u00fcbertragbarkeit zu.<br \/>\nDie Verarbeitung Ihrer Daten erfolgt auf Basis von gesetzlichen Regelungen. Nur in Ausnahmef\u00e4llen ben\u00f6tigen wir Ihr Einverst\u00e4ndnis. In diesen F\u00e4llen haben Sie das Recht, die Einwilligung f\u00fcr die zuk\u00fcnftige Verarbeitung zu widerrufen.<br \/>\nSie haben ferner das Recht, sich bei der zust\u00e4ndigen Aufsichtsbeh\u00f6rde f\u00fcr den Datenschutz zu beschweren, wenn Sie der Ansicht sind, dass die Verarbeitung Ihrer personenbezogenen Daten nicht rechtm\u00e4\u00dfig erfolgt.<br \/>\n&nbsp;<br \/>\nDie Anschrift der f\u00fcr uns zust\u00e4ndigen Aufsichtsbeh\u00f6rde lautet:<br \/>\nHamburgischer Beauftragter f\u00fcr Datenschutz und Informationsfreiheit<br \/>\nName: Prof. Dr. Johannes Caspar<br \/>\nAnschrift: Kurt-Schumacher-Allee 4, 20097 Hamburg<br \/>\nE-Mail: mailbox@datenschutz.hamburg.de<br \/>\nTelefon: 040 \u2013 42854 \u2013 4040<br \/>\nTelefax: 040 \u2013 4279 \u2013 11 811<br \/>\n&nbsp;<\/p>\n<h3>6. Rechtliche Grundlagen<\/h3>\n<p>Rechtsgrundlage f\u00fcr die Verarbeitung Ihrer Daten ist Artikel 9 Absatz 2 lit. h) DSGVO in Verbindung mit Paragraf 22 Absatz 1 Nr. 1 lit. b) Bundesdatenschutzgesetz. Sollten Sie Fragen haben, k\u00f6nnen Sie sich gern an uns wenden.<br \/>\n&nbsp;<br \/>\nIhr Praxisteam <\/p>\n","protected":false},"excerpt":{"rendered":"<p>Sehr geehrte Patientin, sehr geehrter Patient, der Schutz Ihrer personenbezogenen Daten ist uns wichtig. Nach der EU-Datenschutz-Grundverordnung (EU-DSGVO) sind wir verpflichtet, Sie dar\u00fcber zu informieren, zu welchem Zweck unsere Praxis Daten erhebt, speichert oder weiterleitet. Der Information k\u00f6nnen Sie auch entnehmen, welche Rechte Sie in puncto Datenschutz haben. &nbsp; 1. Verantwortlichkeit f\u00fcr die Datenverarbeitung Verantwortlich [&hellip;]<\/p>\n","protected":false},"author":2,"featured_media":96,"parent":0,"menu_order":0,"comment_status":"open","ping_status":"open","template":"","meta":{"footnotes":""},"class_list":["post-123","page","type-page","status-publish","has-post-thumbnail","hentry"],"_links":{"self":[{"href":"http:\/\/www.praxis-jarrestadt.de\/index.php?rest_route=\/wp\/v2\/pages\/123","targetHints":{"allow":["GET"]}}],"collection":[{"href":"http:\/\/www.praxis-jarrestadt.de\/index.php?rest_route=\/wp\/v2\/pages"}],"about":[{"href":"http:\/\/www.praxis-jarrestadt.de\/index.php?rest_route=\/wp\/v2\/types\/page"}],"author":[{"embeddable":true,"href":"http:\/\/www.praxis-jarrestadt.de\/index.php?rest_route=\/wp\/v2\/users\/2"}],"replies":[{"embeddable":true,"href":"http:\/\/www.praxis-jarrestadt.de\/index.php?rest_route=%2Fwp%2Fv2%2Fcomments&post=123"}],"version-history":[{"count":5,"href":"http:\/\/www.praxis-jarrestadt.de\/index.php?rest_route=\/wp\/v2\/pages\/123\/revisions"}],"predecessor-version":[{"id":163,"href":"http:\/\/www.praxis-jarrestadt.de\/index.php?rest_route=\/wp\/v2\/pages\/123\/revisions\/163"}],"wp:featuredmedia":[{"embeddable":true,"href":"http:\/\/www.praxis-jarrestadt.de\/index.php?rest_route=\/wp\/v2\/media\/96"}],"wp:attachment":[{"href":"http:\/\/www.praxis-jarrestadt.de\/index.php?rest_route=%2Fwp%2Fv2%2Fmedia&parent=123"}],"curies":[{"name":"wp","href":"https:\/\/api.w.org\/{rel}","templated":true}]}}