{"id":148,"date":"2018-06-06T23:04:10","date_gmt":"2018-06-06T21:04:10","guid":{"rendered":"http:\/\/www.praxis-jarrestadt.de\/?page_id=148"},"modified":"2020-04-23T13:43:27","modified_gmt":"2020-04-23T11:43:27","slug":"datenschutzerklaerung","status":"publish","type":"page","link":"http:\/\/www.praxis-jarrestadt.de\/?page_id=148","title":{"rendered":"Datenschutz im Netz"},"content":{"rendered":"<p>Diese Datenschutzerkl\u00e4rung soll Sie als Nutzer dieser Website \u00fcber die Art, den Umfang und den Zweck der Erhebung und Verwendung personenbezogener Daten durch den Websitebetreiber Praxis Jarrestadt, Jarrestra\u00dfe 42, 22303 Hamburg, informieren.<\/p>\n<p>Datenschutzbeauftragte:<br \/>\nDr. med. U. Baumann-Schr\u00f6der<br \/>\nJarrestra\u00dfe 42, 22303 Hamburg<br \/>\nTel. 040 270 75 901<br \/>\nFax 040 270 75 905<\/p>\n<p>Der Websitebetreiber nimmt Ihren Datenschutz sehr ernst und behandelt Ihre personenbezogenen Daten vertraulich und gem\u00e4\u00df den gesetzlichen Vorschriften (EU-Datenschutz-Grundverordnung EU-DSGVO).<br \/>\nBedenken Sie, dass die Daten\u00fcbertragung im Internet grunds\u00e4tzlich mit Sicherheitsl\u00fccken bedacht sein kann. Ein vollumf\u00e4nglicher Schutz vor dem Zugriff durch Fremde ist nicht realisierbar.<br \/>\nDa durch neue Technologien und die st\u00e4ndige Weiterentwicklung dieser Webseite \u00c4nderungen an dieser Datenschutzerkl\u00e4rung vorgenommen werden k\u00f6nnten, empfehlen wir Ihnen sich die Datenschutzerkl\u00e4rung in regelm\u00e4\u00dfigen Abst\u00e4nden wieder durchzulesen.<\/p>\n<h3>Zugriffsdaten<\/h3>\n<p>Der Websitebetreiber bzw. Seitenprovider erhebt Daten \u00fcber Zugriffe auf die Website und speichert diese als sogenannte \u201eServer-Logfiles\u201c auf dem Server der Website ab. Folgende Daten werden so protokolliert:<\/p>\n<p>\u2022 Besuchte Website<br \/>\n\u2022 Uhrzeit zum Zeitpunkt des Zugriffes<br \/>\n\u2022 Menge der gesendeten Daten in Byte<br \/>\n\u2022 Quelle\/Verweis, von welchem Sie auf die Seite gelangten<br \/>\n\u2022 Verwendeter Browser<br \/>\n\u2022 Verwendetes Betriebssystem<br \/>\n\u2022 Verwendete IP-Adresse<\/p>\n<p>Die Protokolldaten werden nur f\u00fcr statistische Auswertungen und zur Verbesserung der Website verwendet. Der Websitebetreiber beh\u00e4lt sich jedoch vor, Protokolldaten nachtr\u00e4glich zu \u00fcberpr\u00fcfen, sollte der Verdacht einer rechtswidrigen Nutzung bestehen.<\/p>\n<h3>Umgang mit personenbezogenen Daten<\/h3>\n<p>Personenbezogene Daten, z.B. Ihr Name, Ihre E-Mailadresse und Telefonnummer, werden nur erhoben und genutzt, wie dies im gesetzlichen Rahmen erlaubt ist oder Sie eingewilligt haben.<\/p>\n<h3>Umgang mit Kontaktdaten<\/h3>\n<p>Wenn Sie mit dem Websitebetreiber mittels der angebotenen Kontaktm\u00f6glichkeiten Verbindung aufnehmen, werden Ihre Angaben gespeichert, damit diese zur Bearbeitung und Beantwortung Ihrer Anfrage genutzt werden k\u00f6nnen. Ohne Ihre Einwilligung werden Ihre Kontaktdaten nicht an Dritte weitergegeben.<\/p>\n<h3>Cookies<\/h3>\n<p>Diese Website verwendet Cookies. Der Einsatz von Cookies dient der besseren Benutzerfreundlichkeit und Sicherheit dieser Website. Sie haben die M\u00f6glichkeit, die Speicherung von Cookies auf Ihrem Ger\u00e4t zu verhindern, indem Sie in Ihrem Browser entsprechende Einstellungen vornehmen. M\u00f6glicherweise k\u00f6nnen Sie in diesem Fall aber nicht mehr auf alle Funktionen dieser Website zugreifen.<\/p>\n<h3>Rechte des Nutzers<\/h3>\n<p>Sie als Nutzer haben das Recht, auf Antrag eine kostenlose Auskunft zu erhalten, welche personenbezogenen Daten \u00fcber Sie gespeichert wurden. Sofern Ihr Wunsch nicht mit einer gesetzlichen Pflicht zur Aufbewahrung von Daten (z. B. Vorratsdatenspeicherung) kollidiert, haben Sie ein Anrecht auf Berichtigung falscher Daten bzw. L\u00f6schung Ihrer Daten.<\/p>\n","protected":false},"excerpt":{"rendered":"<p>Diese Datenschutzerkl\u00e4rung soll Sie als Nutzer dieser Website \u00fcber die Art, den Umfang und den Zweck der Erhebung und Verwendung personenbezogener Daten durch den Websitebetreiber Praxis Jarrestadt, Jarrestra\u00dfe 42, 22303 Hamburg, informieren. Datenschutzbeauftragte: Dr. med. U. Baumann-Schr\u00f6der Jarrestra\u00dfe 42, 22303 Hamburg Tel. 040 270 75 901 Fax 040 270 75 905 Der Websitebetreiber nimmt Ihren [&hellip;]<\/p>\n","protected":false},"author":2,"featured_media":8,"parent":0,"menu_order":0,"comment_status":"open","ping_status":"open","template":"","meta":{"footnotes":""},"class_list":["post-148","page","type-page","status-publish","has-post-thumbnail","hentry"],"_links":{"self":[{"href":"http:\/\/www.praxis-jarrestadt.de\/index.php?rest_route=\/wp\/v2\/pages\/148","targetHints":{"allow":["GET"]}}],"collection":[{"href":"http:\/\/www.praxis-jarrestadt.de\/index.php?rest_route=\/wp\/v2\/pages"}],"about":[{"href":"http:\/\/www.praxis-jarrestadt.de\/index.php?rest_route=\/wp\/v2\/types\/page"}],"author":[{"embeddable":true,"href":"http:\/\/www.praxis-jarrestadt.de\/index.php?rest_route=\/wp\/v2\/users\/2"}],"replies":[{"embeddable":true,"href":"http:\/\/www.praxis-jarrestadt.de\/index.php?rest_route=%2Fwp%2Fv2%2Fcomments&post=148"}],"version-history":[{"count":5,"href":"http:\/\/www.praxis-jarrestadt.de\/index.php?rest_route=\/wp\/v2\/pages\/148\/revisions"}],"predecessor-version":[{"id":304,"href":"http:\/\/www.praxis-jarrestadt.de\/index.php?rest_route=\/wp\/v2\/pages\/148\/revisions\/304"}],"wp:featuredmedia":[{"embeddable":true,"href":"http:\/\/www.praxis-jarrestadt.de\/index.php?rest_route=\/wp\/v2\/media\/8"}],"wp:attachment":[{"href":"http:\/\/www.praxis-jarrestadt.de\/index.php?rest_route=%2Fwp%2Fv2%2Fmedia&parent=148"}],"curies":[{"name":"wp","href":"https:\/\/api.w.org\/{rel}","templated":true}]}}