{"id":190,"date":"2020-03-22T17:08:14","date_gmt":"2020-03-22T15:08:14","guid":{"rendered":"http:\/\/www.praxis-jarrestadt.de\/?page_id=190"},"modified":"2023-04-11T08:56:55","modified_gmt":"2023-04-11T06:56:55","slug":"corona","status":"publish","type":"page","link":"http:\/\/www.praxis-jarrestadt.de\/?page_id=190","title":{"rendered":"Videosprechstunde"},"content":{"rendered":"<p><strong>LIEBE PATIENTINNEN UND PATIENTEN,<\/strong><\/p>\n<p>Auch nach Abklingen der Corona-Pandemie m\u00f6chten wir darauf achten, dass sich nicht zu viele Personen gleichzeitig in der Praxis aufhalten. Deshalb bleibt das Angebot von <strong>Videosprechstunden<\/strong> f\u00fcr die \u00e4rztliche Beratung, Behandlung und Befundbesprechung bestehen, falls Sie nicht pers\u00f6nlich in die Praxis kommen k\u00f6nnen.<\/p>\n<p>Psychotherapiesitzungen k\u00f6nnen ebenfalls per Video erfolgen.<\/p>\n<p>Sie ben\u00f6tigen daf\u00fcr einen PC mit Kamera und Mikrofon oder ein aktuelles Smartphone.\u00a0Nach Terminvereinbarung unter der Telefonnummer 040 27075901 erhalten Sie einen Link mit einem Zugangscode an Ihr Mobiltelefon oder per E-Mail. \u00dcber diesen Link loggen Sie sich zum vereinbarten Termin ein.<\/p>\n<p>Hier erhalten Sie Informationen \u00fcber den Videodienst-Anbieter <a href=\"https:\/\/viomedi.de\">VIOMEDI<\/a> und unsere\u00a0<a href=\"http:\/\/www.praxis-jarrestadt.de\/wp-content\/uploads\/2020\/04\/Videoeinwilligung.pdf\" target=\"_blank\" rel=\"noopener noreferrer\"><u>Einwilligungserkl\u00e4rung<\/u><\/a>.<\/p>\n<p><strong>Weiterhin gilt:<\/strong><br \/>\n<strong>Bei Fieber und Husten kommen Sie bitte nicht in unsere Praxis<\/strong>, sondern wenden sich zun\u00e4chst telefonisch an uns unter der Telefonnummer 27075901.<\/p>\n<p><strong>LINKS ZUM THEMA CORONA:<\/strong><br \/>\nInformieren Sie sich!<\/p>\n<ul>\n<li><a href=\"https:\/\/www.rki.de\/\" target=\"_blank\" rel=\"noopener noreferrer\">Robert Koch Institut<\/a><\/li>\n<li><a href=\"https:\/\/www.ndr.de\/nachrichten\/info\/podcast4684.html\" target=\"_blank\" rel=\"noopener noreferrer\">Norddeutscher Rundfunk<\/a><\/li>\n<\/ul>\n<p>F\u00fcr MS-Patienten mit immunrelevanter Medikation:<\/p>\n<ul>\n<li><a href=\"https:\/\/www.dmsg.de\/\" target=\"_blank\" rel=\"noopener noreferrer\">Deutsche Multiple Sklerose Gesellschaft<\/a><\/li>\n<\/ul>\n","protected":false},"excerpt":{"rendered":"<p>LIEBE PATIENTINNEN UND PATIENTEN, Auch nach Abklingen der Corona-Pandemie m\u00f6chten wir darauf achten, dass sich nicht zu viele Personen gleichzeitig in der Praxis aufhalten. Deshalb bleibt das Angebot von Videosprechstunden f\u00fcr die \u00e4rztliche Beratung, Behandlung und Befundbesprechung bestehen, falls Sie nicht pers\u00f6nlich in die Praxis kommen k\u00f6nnen. Psychotherapiesitzungen k\u00f6nnen ebenfalls per Video erfolgen. Sie ben\u00f6tigen [&hellip;]<\/p>\n","protected":false},"author":2,"featured_media":9,"parent":0,"menu_order":0,"comment_status":"open","ping_status":"open","template":"","meta":{"footnotes":""},"class_list":["post-190","page","type-page","status-publish","has-post-thumbnail","hentry"],"_links":{"self":[{"href":"http:\/\/www.praxis-jarrestadt.de\/index.php?rest_route=\/wp\/v2\/pages\/190","targetHints":{"allow":["GET"]}}],"collection":[{"href":"http:\/\/www.praxis-jarrestadt.de\/index.php?rest_route=\/wp\/v2\/pages"}],"about":[{"href":"http:\/\/www.praxis-jarrestadt.de\/index.php?rest_route=\/wp\/v2\/types\/page"}],"author":[{"embeddable":true,"href":"http:\/\/www.praxis-jarrestadt.de\/index.php?rest_route=\/wp\/v2\/users\/2"}],"replies":[{"embeddable":true,"href":"http:\/\/www.praxis-jarrestadt.de\/index.php?rest_route=%2Fwp%2Fv2%2Fcomments&post=190"}],"version-history":[{"count":5,"href":"http:\/\/www.praxis-jarrestadt.de\/index.php?rest_route=\/wp\/v2\/pages\/190\/revisions"}],"predecessor-version":[{"id":507,"href":"http:\/\/www.praxis-jarrestadt.de\/index.php?rest_route=\/wp\/v2\/pages\/190\/revisions\/507"}],"wp:featuredmedia":[{"embeddable":true,"href":"http:\/\/www.praxis-jarrestadt.de\/index.php?rest_route=\/wp\/v2\/media\/9"}],"wp:attachment":[{"href":"http:\/\/www.praxis-jarrestadt.de\/index.php?rest_route=%2Fwp%2Fv2%2Fmedia&parent=190"}],"curies":[{"name":"wp","href":"https:\/\/api.w.org\/{rel}","templated":true}]}}