{"id":22,"date":"2016-07-31T23:51:16","date_gmt":"2016-07-31T21:51:16","guid":{"rendered":"http:\/\/www.praxis-jarrestadt.de\/?page_id=22"},"modified":"2020-04-23T13:42:35","modified_gmt":"2020-04-23T11:42:35","slug":"chinesische-medizin","status":"publish","type":"page","link":"http:\/\/www.praxis-jarrestadt.de\/?page_id=22","title":{"rendered":"Chinesische Medizin"},"content":{"rendered":"<p>In der Diagnostik der Chinesischen Medizin betrachten wir nicht nur Ihre Hauptbeschwerde, sondern bewerten alle Symptome im Lichte der Regulation des gesamten K\u00f6rpers. Daher werden im Erstgespr\u00e4ch Beschwerden von \u201eKopf bis Fu\u00df\u201c erfragt und durch eine spezielle Form der Pulsdiagnostik und der Zungendiagnostik erg\u00e4nzt. Dies erm\u00f6glicht eine auf Ihre pers\u00f6nlichen Bed\u00fcrfnisse zugeschnittene Therapie.<\/p>\n<p>Behandelt wird mit Akupunktur, die sich nicht nur zur Schmerztherapie eignet, und mit Chinesischer Arzneitherapie, die als Tee, Granulat oder Tropfenkonzentrat verordnet wird.<br \/>\nFerner kommen Behandlungen der Chinesischen Manualtherapie Tuina zum Einsatz, bei der durch Massage und Grifftechniken Heilreflexe am K\u00f6rper ausgel\u00f6st werden. Bei sachgerechter Anwendung treten unter diesen Behandlungen kaum Nebenwirkungen auf.<\/p>\n<p>Eine besondere St\u00e4rke der Chinesischen Medizin liegt in der Behandlung von chronischen Erkrankungen, f\u00fcr die es auch in der weit entwickelten westlichen Medizin h\u00e4ufig nur unzureichende Therapiem\u00f6glichkeiten gibt.<\/p>\n<p>Hier einige Beispiele f\u00fcr Erkrankungen, die sich sehr gut beeinflussen lassen:<\/p>\n<ul>\n<li>Neurologische Erkrankungen (Taubheitsgef\u00fchle, L\u00e4hmungen, Sprach- und Sprechst\u00f6rungen)<\/li>\n<li>leichte psychische St\u00f6rungen und Schlafst\u00f6rungen<\/li>\n<li>Ersch\u00f6pfungssyndrome (Burnout, Leistungsschw\u00e4che, chronische M\u00fcdigkeit)<\/li>\n<li>Erkrankungen des Magen-Darm-Traktes (u.a. chronischer Durchfall, Reizdarm, Colitis ulcerosa, Morbus Crohn)<\/li>\n<li>Gyn\u00e4kologie (u.a. Kinderwunsch, Regel- und klimakterische Beschwerden)<\/li>\n<li>Hauterkrankungen (u.a. Neurodermitis, Psoriasis, Akne, Juckreiz, chronische Ulcera)<\/li>\n<li>Lungenerkrankungen (u.a. Asthma, chronische Bronchitis)<\/li>\n<li>HNO-Erkrankungen (u.a. chronische Sinusitis, Zungenbrennen)<\/li>\n<li>Allergien (u.a. Heuschnupfen, trockene Augen)<\/li>\n<\/ul>\n<p>In der Schmerztherapie lassen sich akute und chronische Schmerzen lindern, u.a. bei<\/p>\n<ul>\n<li>Migr\u00e4ne<\/li>\n<li>Kopfschmerzen<\/li>\n<li>Schulter-, R\u00fccken-, H\u00fcft-, Sprunggelenk- und Knieschmerzen durch Arthrose oder rheumatische Erkrankungen<\/li>\n<\/ul>\n<p>Therapiekonzepte werden in enger Kooperation mit dem <a href=\"http:\/\/www.tcm-am-uke.de\/\" target=\"_blank\" rel=\"noopener noreferrer\">HanseMerkur Zentrum f\u00fcr TCM am UKE<\/a> erarbeitet. Dadurch k\u00f6nnen neueste Erkenntnisse aus der Erforschung der Chinesischen Medizin unmittelbar in die Praxis umgesetzt werden.<br \/>\nPrivate Krankenversicherer tragen die Leistungen der Chinesischen Medizin \u00fcberwiegend. Die gesetzlichen Krankenkassen d\u00fcrfen nach dem Sozialgesetzbuch nur Akupunkturbehandlungen bei chronischen Kniearthroseschmerzen oder bei chronischen R\u00fcckenschmerzen erstatten.<\/p>\n","protected":false},"excerpt":{"rendered":"<p>In der Diagnostik der Chinesischen Medizin betrachten wir nicht nur Ihre Hauptbeschwerde, sondern bewerten alle Symptome im Lichte der Regulation des gesamten K\u00f6rpers. Daher werden im Erstgespr\u00e4ch Beschwerden von \u201eKopf bis Fu\u00df\u201c erfragt und durch eine spezielle Form der Pulsdiagnostik und der Zungendiagnostik erg\u00e4nzt. Dies erm\u00f6glicht eine auf Ihre pers\u00f6nlichen Bed\u00fcrfnisse zugeschnittene Therapie. Behandelt wird [&hellip;]<\/p>\n","protected":false},"author":1,"featured_media":16,"parent":0,"menu_order":0,"comment_status":"open","ping_status":"open","template":"","meta":{"footnotes":""},"class_list":["post-22","page","type-page","status-publish","has-post-thumbnail","hentry"],"_links":{"self":[{"href":"http:\/\/www.praxis-jarrestadt.de\/index.php?rest_route=\/wp\/v2\/pages\/22","targetHints":{"allow":["GET"]}}],"collection":[{"href":"http:\/\/www.praxis-jarrestadt.de\/index.php?rest_route=\/wp\/v2\/pages"}],"about":[{"href":"http:\/\/www.praxis-jarrestadt.de\/index.php?rest_route=\/wp\/v2\/types\/page"}],"author":[{"embeddable":true,"href":"http:\/\/www.praxis-jarrestadt.de\/index.php?rest_route=\/wp\/v2\/users\/1"}],"replies":[{"embeddable":true,"href":"http:\/\/www.praxis-jarrestadt.de\/index.php?rest_route=%2Fwp%2Fv2%2Fcomments&post=22"}],"version-history":[{"count":2,"href":"http:\/\/www.praxis-jarrestadt.de\/index.php?rest_route=\/wp\/v2\/pages\/22\/revisions"}],"predecessor-version":[{"id":301,"href":"http:\/\/www.praxis-jarrestadt.de\/index.php?rest_route=\/wp\/v2\/pages\/22\/revisions\/301"}],"wp:featuredmedia":[{"embeddable":true,"href":"http:\/\/www.praxis-jarrestadt.de\/index.php?rest_route=\/wp\/v2\/media\/16"}],"wp:attachment":[{"href":"http:\/\/www.praxis-jarrestadt.de\/index.php?rest_route=%2Fwp%2Fv2%2Fmedia&parent=22"}],"curies":[{"name":"wp","href":"https:\/\/api.w.org\/{rel}","templated":true}]}}