{"id":26,"date":"2016-07-31T23:52:42","date_gmt":"2016-07-31T21:52:42","guid":{"rendered":"http:\/\/www.praxis-jarrestadt.de\/?page_id=26"},"modified":"2025-07-18T05:28:05","modified_gmt":"2025-07-18T03:28:05","slug":"kontakt-und-anfahrt","status":"publish","type":"page","link":"http:\/\/www.praxis-jarrestadt.de\/?page_id=26","title":{"rendered":"Kontakt und Anfahrt"},"content":{"rendered":"\n<h3 class=\"wp-block-heading\">Kontakt<\/h3>\n\n\n\n<p>Praxis Jarrestadt<br>Jarrestra\u00dfe 42, 3. Stock<br>22303 Hamburg<\/p>\n\n\n\n<p>Telefon: 040 \u2013 270 75 901<br>Fax: 040 \u2013 270 75 905<br>E-Mail: <a href=\"mailto:info@praxis-jarrestadt.de\">info@praxis-jarrestadt.de<\/a><\/p>\n\n\n\n<p>Fahrstuhl nur bedingt rollstuhltauglich!<br><\/p>\n\n\n\n<div class=\"wp-block-webfactory-map\"><div class=\"wp-block-webfactory-map\"><iframe loading=\"lazy\" width=\"100%\" height=\"300px\" src=\"https:\/\/www.google.com\/maps\/embed\/v1\/place?q=Jarrestra%C3%9Fe%2042%2C%2022303%20Hamburg&amp;maptype=roadmap&amp;zoom=13&amp;key=AIzaSyADUfk5p7oCJuAc9OknWx_8IjjuDXqVa4o\" frameborder=\"0\"><\/iframe><\/div><\/div>\n\n\n\n<div class=\"wp-block-group\"><div class=\"wp-block-group__inner-container is-layout-flow wp-block-group-is-layout-flow\">\n<h3>\u00a0<\/h3>\n<h3>So erreichen Sie uns mit \u00f6ffentlichen Verkehrsmitteln<\/h3>\n<p>U3 Saarlandstra\u00dfe\u00a0<br \/>Buslinien 17 oder 172 Richtung Mundsburger Br\u00fccke\u00a0<br \/>Haltestelle Gro\u00dfheidestra\u00dfe<\/p>\n<p>U\/S Barmbek<br \/>Buslinien 17 oder 172 Richtung Mundsburger Br\u00fccke<br \/>Haltestelle Gro\u00dfheidestra\u00dfe<\/p>\n<p>U3 Mundsburg<br \/>Buslinien 17 oder 172 Richtung Barmbek<br \/>Haltestelle Gro\u00dfheidestra\u00dfe<\/p>\n<\/div><\/div>\n","protected":false},"excerpt":{"rendered":"<p>Kontakt Praxis JarrestadtJarrestra\u00dfe 42, 3. Stock22303 Hamburg Telefon: 040 \u2013 270 75 901Fax: 040 \u2013 270 75 905E-Mail: info@praxis-jarrestadt.de Fahrstuhl nur bedingt rollstuhltauglich! \u00a0 So erreichen Sie uns mit \u00f6ffentlichen Verkehrsmitteln U3 Saarlandstra\u00dfe\u00a0Buslinien 17 oder 172 Richtung Mundsburger Br\u00fccke\u00a0Haltestelle Gro\u00dfheidestra\u00dfe U\/S BarmbekBuslinien 17 oder 172 Richtung Mundsburger Br\u00fcckeHaltestelle Gro\u00dfheidestra\u00dfe U3 MundsburgBuslinien 17 oder 172 Richtung [&hellip;]<\/p>\n","protected":false},"author":1,"featured_media":10,"parent":0,"menu_order":0,"comment_status":"open","ping_status":"open","template":"","meta":{"footnotes":""},"class_list":["post-26","page","type-page","status-publish","has-post-thumbnail","hentry"],"_links":{"self":[{"href":"http:\/\/www.praxis-jarrestadt.de\/index.php?rest_route=\/wp\/v2\/pages\/26","targetHints":{"allow":["GET"]}}],"collection":[{"href":"http:\/\/www.praxis-jarrestadt.de\/index.php?rest_route=\/wp\/v2\/pages"}],"about":[{"href":"http:\/\/www.praxis-jarrestadt.de\/index.php?rest_route=\/wp\/v2\/types\/page"}],"author":[{"embeddable":true,"href":"http:\/\/www.praxis-jarrestadt.de\/index.php?rest_route=\/wp\/v2\/users\/1"}],"replies":[{"embeddable":true,"href":"http:\/\/www.praxis-jarrestadt.de\/index.php?rest_route=%2Fwp%2Fv2%2Fcomments&post=26"}],"version-history":[{"count":6,"href":"http:\/\/www.praxis-jarrestadt.de\/index.php?rest_route=\/wp\/v2\/pages\/26\/revisions"}],"predecessor-version":[{"id":577,"href":"http:\/\/www.praxis-jarrestadt.de\/index.php?rest_route=\/wp\/v2\/pages\/26\/revisions\/577"}],"wp:featuredmedia":[{"embeddable":true,"href":"http:\/\/www.praxis-jarrestadt.de\/index.php?rest_route=\/wp\/v2\/media\/10"}],"wp:attachment":[{"href":"http:\/\/www.praxis-jarrestadt.de\/index.php?rest_route=%2Fwp%2Fv2%2Fmedia&parent=26"}],"curies":[{"name":"wp","href":"https:\/\/api.w.org\/{rel}","templated":true}]}}