{"id":30,"date":"2016-07-31T23:55:18","date_gmt":"2016-07-31T21:55:18","guid":{"rendered":"http:\/\/www.praxis-jarrestadt.de\/?page_id=30"},"modified":"2020-04-23T14:40:13","modified_gmt":"2020-04-23T12:40:13","slug":"neurologie","status":"publish","type":"page","link":"http:\/\/www.praxis-jarrestadt.de\/?page_id=30","title":{"rendered":"Neurologie"},"content":{"rendered":"<p>In der Neurologie werden Erkrankungen des Nervensystems diagnostiziert und behandelt. Taubheitsgef\u00fchle, Schmerzen, Missempfindungen, L\u00e4hmungserscheinungen, Muskelkr\u00e4mpfe, Kopfschmerzen, Gesichtsschmerzen, Gleichgewichtsst\u00f6rungen, Gangst\u00f6rungen, Schwindel, Sprachst\u00f6rungen, Ged\u00e4chtnisst\u00f6rungen oder Sehst\u00f6rungen k\u00f6nnen vielf\u00e4ltige Ursachen haben.<br \/>\nZur Kl\u00e4rung wird bei Ihnen nach einem Gespr\u00e4ch zun\u00e4chst eine schmerzlose k\u00f6rperliche Untersuchung durchgef\u00fchrt.<br \/>\nAnschlie\u00dfend k\u00f6nnen u.a. folgende Untersuchungen notwendig und in der Praxis durchgef\u00fchrt werden:<\/p>\n<ul>\n<li>EEG (Elektroenzephalographie): Untersuchung der elektrischen Hirnaktivit\u00e4t<\/li>\n<li>EMG (Elektromyographie):\u00a0 Untersuchung der Muskulatur<\/li>\n<li>Neurographie:\u00a0 Elektrische Untersuchung der Nerven der Arme und Beine<\/li>\n<li>Dopplersonographie: Ultraschalluntersuchung der hirnversorgenden Arterien<\/li>\n<li>VEP (Visuell evozierte Potentiale): Untersuchung der Sehnervenleitung<\/li>\n<li>SEP (Sensibel evozierte Potentiale): Untersuchung der sensiblen Leitungsbahnen der Arme, Beine und des R\u00fcckenmarks<\/li>\n<li>FAEP (Fr\u00fche akustisch evozierte Potentiale): Untersuchung der H\u00f6rnervenleitung<\/li>\n<li>Laboruntersuchungen<\/li>\n<li>Neuropsychologische Leistungstests, z.B. zur Diagnostik von Hirnleistungsst\u00f6rungen<\/li>\n<\/ul>\n<p>Gegebenenfalls m\u00fcssen auch andere Fachgruppen wie R\u00f6ntgen\u00e4rzte, Augen\u00e4rzte, Internisten oder HNO-\u00c4rzte hinzugezogen werden.<br \/>\nIn vielen F\u00e4llen finden sich harmlose Ursachen der Beschwerden.<br \/>\nSollte aber eine neurologische Erkrankung diagnostiziert werden m\u00fcssen, wird nach genauer Analyse eine auf Sie abgestimmte Therapie eingeleitet.<br \/>\nNeurologische Erkrankungen sind<\/p>\n<ul>\n<li>Hirndurchblutungsst\u00f6rungen, Schlaganfall<\/li>\n<li>Parkinson<\/li>\n<li>Multiple Sklerose<\/li>\n<li>Migr\u00e4ne<\/li>\n<li>Epilepsie<\/li>\n<li>Polyneuropathie<\/li>\n<li>Restless-Legs-Syndrom<\/li>\n<li>Nervenabklemmungen durch Bandscheibenvorfall<\/li>\n<li>Querschnittsyndrome<\/li>\n<li>Karpaltunnel-Syndrom<\/li>\n<li>Muskelerkrankungen<\/li>\n<li>Demenzerkrankungen<\/li>\n<\/ul>\n<p>Bei der Behandlung kommen Medikamente, Physiotherapie, Ergotherapie, Logop\u00e4die, Entspannungsmethoden und auch Therapien aus der Chinesischen Medizin zum Einsatz.<\/p>\n","protected":false},"excerpt":{"rendered":"<p>In der Neurologie werden Erkrankungen des Nervensystems diagnostiziert und behandelt. Taubheitsgef\u00fchle, Schmerzen, Missempfindungen, L\u00e4hmungserscheinungen, Muskelkr\u00e4mpfe, Kopfschmerzen, Gesichtsschmerzen, Gleichgewichtsst\u00f6rungen, Gangst\u00f6rungen, Schwindel, Sprachst\u00f6rungen, Ged\u00e4chtnisst\u00f6rungen oder Sehst\u00f6rungen k\u00f6nnen vielf\u00e4ltige Ursachen haben. Zur Kl\u00e4rung wird bei Ihnen nach einem Gespr\u00e4ch zun\u00e4chst eine schmerzlose k\u00f6rperliche Untersuchung durchgef\u00fchrt. Anschlie\u00dfend k\u00f6nnen u.a. folgende Untersuchungen notwendig und in der Praxis durchgef\u00fchrt werden: EEG [&hellip;]<\/p>\n","protected":false},"author":1,"featured_media":12,"parent":0,"menu_order":0,"comment_status":"open","ping_status":"open","template":"","meta":{"footnotes":""},"class_list":["post-30","page","type-page","status-publish","has-post-thumbnail","hentry"],"_links":{"self":[{"href":"http:\/\/www.praxis-jarrestadt.de\/index.php?rest_route=\/wp\/v2\/pages\/30","targetHints":{"allow":["GET"]}}],"collection":[{"href":"http:\/\/www.praxis-jarrestadt.de\/index.php?rest_route=\/wp\/v2\/pages"}],"about":[{"href":"http:\/\/www.praxis-jarrestadt.de\/index.php?rest_route=\/wp\/v2\/types\/page"}],"author":[{"embeddable":true,"href":"http:\/\/www.praxis-jarrestadt.de\/index.php?rest_route=\/wp\/v2\/users\/1"}],"replies":[{"embeddable":true,"href":"http:\/\/www.praxis-jarrestadt.de\/index.php?rest_route=%2Fwp%2Fv2%2Fcomments&post=30"}],"version-history":[{"count":5,"href":"http:\/\/www.praxis-jarrestadt.de\/index.php?rest_route=\/wp\/v2\/pages\/30\/revisions"}],"predecessor-version":[{"id":348,"href":"http:\/\/www.praxis-jarrestadt.de\/index.php?rest_route=\/wp\/v2\/pages\/30\/revisions\/348"}],"wp:featuredmedia":[{"embeddable":true,"href":"http:\/\/www.praxis-jarrestadt.de\/index.php?rest_route=\/wp\/v2\/media\/12"}],"wp:attachment":[{"href":"http:\/\/www.praxis-jarrestadt.de\/index.php?rest_route=%2Fwp%2Fv2%2Fmedia&parent=30"}],"curies":[{"name":"wp","href":"https:\/\/api.w.org\/{rel}","templated":true}]}}