{"id":32,"date":"2016-07-31T23:56:10","date_gmt":"2016-07-31T21:56:10","guid":{"rendered":"http:\/\/www.praxis-jarrestadt.de\/?page_id=32"},"modified":"2023-04-10T20:00:49","modified_gmt":"2023-04-10T18:00:49","slug":"praxisteam","status":"publish","type":"page","link":"http:\/\/www.praxis-jarrestadt.de\/?page_id=32","title":{"rendered":"Praxisteam"},"content":{"rendered":"<style type=\"text\/css\">\n#foogallery-gallery-474.fg-simple_portfolio { justify-content: center; --fg-gutter: 40px; }\n#foogallery-gallery-474.fg-simple_portfolio .fg-item { flex-basis: 350px; }<\/style>\n\t\t\t<div class=\"foogallery foogallery-container foogallery-simple_portfolio foogallery-lightbox-foogallery fg-simple_portfolio fg-ready fg-light fg-loading-default fg-loaded-fade-in fg-hover-scale fg-caption-always fg-hover-fade fg-caption-always\" id=\"foogallery-gallery-474\" data-foogallery=\"{&quot;item&quot;:{&quot;showCaptionTitle&quot;:true,&quot;showCaptionDescription&quot;:true},&quot;lazy&quot;:true}\" style=\"--fg-title-line-clamp: 0; --fg-description-line-clamp: 0;\" >\n\t<div class=\"fg-item fg-type-image fg-idle\"><figure class=\"fg-item-inner\"><a data-caption-title=\"Privatdozent Dr. med. Sven Schr\u00f6der\" data-caption-desc=\"Facharzt f\u00fcr Neurologie, Akupunktur, &lt;br&gt;\nChinesische Medizin\" data-attachment-id=\"449\" class=\"foogallery-thumb fg-thumb\" data-type=\"image\"><span class=\"fg-image-wrap\"><img fetchpriority=\"high\" decoding=\"async\" alt=\"Dr. med. Sven Schr\u00f6der\" title=\"Privatdozent Dr. med. Sven Schr\u00f6der\" class=\"bf-img skip-lazy fg-image\" height=\"233\" width=\"350\" data-src-fg=\"http:\/\/www.praxis-jarrestadt.de\/wp-content\/uploads\/cache\/2022\/03\/NXDb9hB4-1\/565818763.jpeg\" src=\"data:image\/svg+xml,%3Csvg%20xmlns%3D%22http%3A%2F%2Fwww.w3.org%2F2000%2Fsvg%22%20width%3D%22350%22%20height%3D%22233%22%20viewBox%3D%220%200%20350%20233%22%3E%3C%2Fsvg%3E\" loading=\"eager\"><\/span><span class=\"fg-image-overlay\"><\/span><\/a><figcaption class=\"fg-caption\"><div class=\"fg-caption-inner\"><div class=\"fg-caption-title\">Privatdozent Dr. med. Sven Schr\u00f6der<\/div><div class=\"fg-caption-desc\">Facharzt f\u00fcr Neurologie, Akupunktur, <br>\nChinesische Medizin<\/div><\/div><\/figcaption><\/figure><div class=\"fg-loader\"><\/div><\/div><div class=\"fg-item fg-type-image fg-idle\"><figure class=\"fg-item-inner\"><a data-caption-title=\"Dr. med. Ulrike Baumann-Schr\u00f6der\" data-caption-desc=\"Fach\u00e4rztin f\u00fcr Psychiatrie, tiefenpsychologisch fundierte Psychotherapie\" data-attachment-id=\"458\" class=\"foogallery-thumb fg-thumb\" data-type=\"image\"><span class=\"fg-image-wrap\"><img decoding=\"async\" alt=\"Dr. med. Ulrike Baumann-Schr\u00f6der\" title=\"Dr. med. Ulrike Baumann-Schr\u00f6der\" class=\"bf-img skip-lazy fg-image\" height=\"233\" width=\"350\" data-src-fg=\"http:\/\/www.praxis-jarrestadt.de\/wp-content\/uploads\/cache\/2022\/03\/US5B3EcI-1\/4116907627.jpeg\" src=\"data:image\/svg+xml,%3Csvg%20xmlns%3D%22http%3A%2F%2Fwww.w3.org%2F2000%2Fsvg%22%20width%3D%22350%22%20height%3D%22233%22%20viewBox%3D%220%200%20350%20233%22%3E%3C%2Fsvg%3E\" loading=\"eager\"><\/span><span class=\"fg-image-overlay\"><\/span><\/a><figcaption class=\"fg-caption\"><div class=\"fg-caption-inner\"><div class=\"fg-caption-title\">Dr. med. Ulrike Baumann-Schr\u00f6der<\/div><div class=\"fg-caption-desc\">Fach\u00e4rztin f\u00fcr Psychiatrie, tiefenpsychologisch fundierte Psychotherapie<\/div><\/div><\/figcaption><\/figure><div class=\"fg-loader\"><\/div><\/div><div class=\"fg-item fg-type-image fg-idle\"><figure class=\"fg-item-inner\"><a data-caption-title=\"Dr. med. Andreas Bey\" data-caption-desc=\"Facharzt f\u00fcr Neurologie und Nervenheilkunde\" data-attachment-id=\"444\" class=\"foogallery-thumb fg-thumb\" data-type=\"image\"><span class=\"fg-image-wrap\"><img decoding=\"async\" alt=\"Dr. med. Andreas Bey\" title=\"Dr. med. Andreas Bey\" class=\"bf-img skip-lazy fg-image\" height=\"233\" width=\"350\" data-src-fg=\"http:\/\/www.praxis-jarrestadt.de\/wp-content\/uploads\/cache\/2022\/03\/hGSX7MDI\/764588302.jpeg\" src=\"data:image\/svg+xml,%3Csvg%20xmlns%3D%22http%3A%2F%2Fwww.w3.org%2F2000%2Fsvg%22%20width%3D%22350%22%20height%3D%22233%22%20viewBox%3D%220%200%20350%20233%22%3E%3C%2Fsvg%3E\" loading=\"eager\"><\/span><span class=\"fg-image-overlay\"><\/span><\/a><figcaption class=\"fg-caption\"><div class=\"fg-caption-inner\"><div class=\"fg-caption-title\">Dr. med. Andreas Bey<\/div><div class=\"fg-caption-desc\">Facharzt f\u00fcr Neurologie und Nervenheilkunde<\/div><\/div><\/figcaption><\/figure><div class=\"fg-loader\"><\/div><\/div><div class=\"fg-item fg-type-image fg-idle\"><figure class=\"fg-item-inner\"><a data-caption-title=\"Julia H\u00e4gele\" data-caption-desc=\"Fach\u00e4rztin f\u00fcr Nervenheilkunde\" data-attachment-id=\"450\" class=\"foogallery-thumb fg-thumb\" data-type=\"image\"><span class=\"fg-image-wrap\"><img decoding=\"async\" alt=\"Julia H\u00e4gele\" title=\"Julia H\u00e4gele\" class=\"bf-img skip-lazy fg-image\" height=\"233\" width=\"350\" data-src-fg=\"http:\/\/www.praxis-jarrestadt.de\/wp-content\/uploads\/cache\/2022\/03\/IVYL9tq0\/1823349203.jpeg\" src=\"data:image\/svg+xml,%3Csvg%20xmlns%3D%22http%3A%2F%2Fwww.w3.org%2F2000%2Fsvg%22%20width%3D%22350%22%20height%3D%22233%22%20viewBox%3D%220%200%20350%20233%22%3E%3C%2Fsvg%3E\" loading=\"eager\"><\/span><span class=\"fg-image-overlay\"><\/span><\/a><figcaption class=\"fg-caption\"><div class=\"fg-caption-inner\"><div class=\"fg-caption-title\">Julia H\u00e4gele<\/div><div class=\"fg-caption-desc\">Fach\u00e4rztin f\u00fcr Nervenheilkunde<\/div><\/div><\/figcaption><\/figure><div class=\"fg-loader\"><\/div><\/div><div class=\"fg-item fg-type-image fg-idle\"><figure class=\"fg-item-inner\"><a data-caption-title=\"Dr. med. Ilona Ostwald\" data-caption-desc=\"Fach\u00e4rztin f\u00fcr Allgemeinmedizin, Akupunktur, Naturheilkunde, &lt;br&gt; Chinesische Medizin\" data-attachment-id=\"448\" class=\"foogallery-thumb fg-thumb\" data-type=\"image\"><span class=\"fg-image-wrap\"><img decoding=\"async\" alt=\"Dr. med. Ilona Ostwald\" title=\"Dr. med. Ilona Ostwald\" class=\"bf-img skip-lazy fg-image\" height=\"233\" width=\"350\" data-src-fg=\"http:\/\/www.praxis-jarrestadt.de\/wp-content\/uploads\/cache\/2022\/03\/6orj58aQ\/4262020911.jpeg\" src=\"data:image\/svg+xml,%3Csvg%20xmlns%3D%22http%3A%2F%2Fwww.w3.org%2F2000%2Fsvg%22%20width%3D%22350%22%20height%3D%22233%22%20viewBox%3D%220%200%20350%20233%22%3E%3C%2Fsvg%3E\" loading=\"eager\"><\/span><span class=\"fg-image-overlay\"><\/span><\/a><figcaption class=\"fg-caption\"><div class=\"fg-caption-inner\"><div class=\"fg-caption-title\">Dr. med. Ilona Ostwald<\/div><div class=\"fg-caption-desc\">Fach\u00e4rztin f\u00fcr Allgemeinmedizin, Akupunktur, Naturheilkunde, <br> Chinesische Medizin<\/div><\/div><\/figcaption><\/figure><div class=\"fg-loader\"><\/div><\/div><div class=\"fg-item fg-type-image fg-idle\"><figure class=\"fg-item-inner\"><a data-caption-title=\"Gerd B\u00f6hme\" data-caption-desc=\"TCM-Arzt\" data-attachment-id=\"501\" class=\"foogallery-thumb fg-thumb\" data-type=\"image\"><span class=\"fg-image-wrap\"><img decoding=\"async\" alt=\"Gerd B\u00f6hme\" title=\"Gerd B\u00f6hme\" class=\"bf-img skip-lazy fg-image\" height=\"233\" width=\"350\" data-src-fg=\"http:\/\/www.praxis-jarrestadt.de\/wp-content\/uploads\/cache\/2022\/08\/placeholder-portrait\/684323428.jpg\" src=\"data:image\/svg+xml,%3Csvg%20xmlns%3D%22http%3A%2F%2Fwww.w3.org%2F2000%2Fsvg%22%20width%3D%22350%22%20height%3D%22233%22%20viewBox%3D%220%200%20350%20233%22%3E%3C%2Fsvg%3E\" loading=\"eager\"><\/span><span class=\"fg-image-overlay\"><\/span><\/a><figcaption class=\"fg-caption\"><div class=\"fg-caption-inner\"><div class=\"fg-caption-title\">Gerd B\u00f6hme<\/div><div class=\"fg-caption-desc\">TCM-Arzt<\/div><\/div><\/figcaption><\/figure><div class=\"fg-loader\"><\/div><\/div><div class=\"fg-item fg-type-image fg-idle\"><figure class=\"fg-item-inner\"><a data-caption-title=\"Florian Takata\" data-caption-desc=\"Tuina-Therapeut und Masseur\" data-attachment-id=\"526\" class=\"foogallery-thumb fg-thumb\" data-type=\"image\"><span class=\"fg-image-wrap\"><img decoding=\"async\" title=\"Florian Takata\" class=\"bf-img skip-lazy fg-image\" height=\"233\" width=\"350\" data-src-fg=\"http:\/\/www.praxis-jarrestadt.de\/wp-content\/uploads\/cache\/2022\/08\/LFA6970\/2957259653.jpeg\" src=\"data:image\/svg+xml,%3Csvg%20xmlns%3D%22http%3A%2F%2Fwww.w3.org%2F2000%2Fsvg%22%20width%3D%22350%22%20height%3D%22233%22%20viewBox%3D%220%200%20350%20233%22%3E%3C%2Fsvg%3E\" loading=\"eager\"><\/span><span class=\"fg-image-overlay\"><\/span><\/a><figcaption class=\"fg-caption\"><div class=\"fg-caption-inner\"><div class=\"fg-caption-title\">Florian Takata<\/div><div class=\"fg-caption-desc\">Tuina-Therapeut und Masseur<\/div><\/div><\/figcaption><\/figure><div class=\"fg-loader\"><\/div><\/div><div class=\"fg-item fg-type-image fg-idle\"><figure class=\"fg-item-inner\"><a data-caption-title=\"Tanja Strantzen\" data-caption-desc=\"Empfang und Praxisassistenz\" data-attachment-id=\"457\" class=\"foogallery-thumb fg-thumb\" data-type=\"image\"><span class=\"fg-image-wrap\"><img decoding=\"async\" title=\"Tanja Strantzen\" class=\"bf-img skip-lazy fg-image\" height=\"233\" width=\"350\" data-src-fg=\"http:\/\/www.praxis-jarrestadt.de\/wp-content\/uploads\/cache\/2022\/03\/aPGQ4QkM-4\/2288839563.jpeg\" src=\"data:image\/svg+xml,%3Csvg%20xmlns%3D%22http%3A%2F%2Fwww.w3.org%2F2000%2Fsvg%22%20width%3D%22350%22%20height%3D%22233%22%20viewBox%3D%220%200%20350%20233%22%3E%3C%2Fsvg%3E\" loading=\"eager\"><\/span><span class=\"fg-image-overlay\"><\/span><\/a><figcaption class=\"fg-caption\"><div class=\"fg-caption-inner\"><div class=\"fg-caption-title\">Tanja Strantzen<\/div><div class=\"fg-caption-desc\">Empfang und Praxisassistenz<\/div><\/div><\/figcaption><\/figure><div class=\"fg-loader\"><\/div><\/div><div class=\"fg-item fg-type-image fg-idle\"><figure class=\"fg-item-inner\"><a data-caption-title=\"Jacqueline Wengert\" data-caption-desc=\"Empfang und Praxisassistenz\" data-attachment-id=\"451\" class=\"foogallery-thumb fg-thumb\" data-type=\"image\"><span class=\"fg-image-wrap\"><img decoding=\"async\" alt=\"Jacqueline Wengert\" title=\"Jacqueline Wengert\" class=\"bf-img skip-lazy fg-image\" height=\"233\" width=\"350\" data-src-fg=\"http:\/\/www.praxis-jarrestadt.de\/wp-content\/uploads\/cache\/2022\/03\/wGiTW5Qc\/2428026156.jpeg\" src=\"data:image\/svg+xml,%3Csvg%20xmlns%3D%22http%3A%2F%2Fwww.w3.org%2F2000%2Fsvg%22%20width%3D%22350%22%20height%3D%22233%22%20viewBox%3D%220%200%20350%20233%22%3E%3C%2Fsvg%3E\" loading=\"eager\"><\/span><span class=\"fg-image-overlay\"><\/span><\/a><figcaption class=\"fg-caption\"><div class=\"fg-caption-inner\"><div class=\"fg-caption-title\">Jacqueline Wengert<\/div><div class=\"fg-caption-desc\">Empfang und Praxisassistenz<\/div><\/div><\/figcaption><\/figure><div class=\"fg-loader\"><\/div><\/div><div class=\"fg-item fg-type-image fg-idle\"><figure class=\"fg-item-inner\"><a data-caption-title=\"Bianca Ibraimi\" data-caption-desc=\"Empfang und Praxisassistenz\" data-attachment-id=\"503\" class=\"foogallery-thumb fg-thumb\" data-type=\"image\"><span class=\"fg-image-wrap\"><img decoding=\"async\" alt=\"Bianca Ibraimi\" title=\"Bianca Ibraimi\" class=\"bf-img skip-lazy fg-image\" height=\"233\" width=\"350\" data-src-fg=\"http:\/\/www.praxis-jarrestadt.de\/wp-content\/uploads\/cache\/2022\/08\/placeholder-portrait-2\/462047090.jpg\" src=\"data:image\/svg+xml,%3Csvg%20xmlns%3D%22http%3A%2F%2Fwww.w3.org%2F2000%2Fsvg%22%20width%3D%22350%22%20height%3D%22233%22%20viewBox%3D%220%200%20350%20233%22%3E%3C%2Fsvg%3E\" loading=\"eager\"><\/span><span class=\"fg-image-overlay\"><\/span><\/a><figcaption class=\"fg-caption\"><div class=\"fg-caption-inner\"><div class=\"fg-caption-title\">Bianca Ibraimi<\/div><div class=\"fg-caption-desc\">Empfang und Praxisassistenz<\/div><\/div><\/figcaption><\/figure><div class=\"fg-loader\"><\/div><\/div><div class=\"fg-item fg-type-image fg-idle\"><figure class=\"fg-item-inner\"><a data-caption-title=\"Jannik Lu\" data-caption-desc=\"B\u00fcro und Assistenz der Gesch\u00e4ftsf\u00fchrung\" data-attachment-id=\"452\" class=\"foogallery-thumb fg-thumb\" data-type=\"image\"><span class=\"fg-image-wrap\"><img decoding=\"async\" alt=\"Jannik Lu\" title=\"Jannik Lu\" class=\"bf-img skip-lazy fg-image\" height=\"233\" width=\"350\" data-src-fg=\"http:\/\/www.praxis-jarrestadt.de\/wp-content\/uploads\/cache\/2022\/03\/VTxOUndg\/2016482753.jpeg\" src=\"data:image\/svg+xml,%3Csvg%20xmlns%3D%22http%3A%2F%2Fwww.w3.org%2F2000%2Fsvg%22%20width%3D%22350%22%20height%3D%22233%22%20viewBox%3D%220%200%20350%20233%22%3E%3C%2Fsvg%3E\" loading=\"eager\"><\/span><span class=\"fg-image-overlay\"><\/span><\/a><figcaption class=\"fg-caption\"><div class=\"fg-caption-inner\"><div class=\"fg-caption-title\">Jannik Lu<\/div><div class=\"fg-caption-desc\">B\u00fcro und Assistenz der Gesch\u00e4ftsf\u00fchrung<\/div><\/div><\/figcaption><\/figure><div class=\"fg-loader\"><\/div><\/div><\/div><style type=\"text\/css\">#foogallery-gallery-474.foogallery-container.foogallery-simple_portfolio.foogallery-lightbox-unknown.brickfolio.bf-loaded {\r\noverflow: visible !important;\r\n}\r\n\r\n.foogallery .fg-caption-title {\r\nwhite-space: normal !important;\r\n}\r\n\r\n.foogallery .fg-image-overlay {\r\ndisplay: none !important;\r\n}<\/style>\n","protected":false},"excerpt":{"rendered":"","protected":false},"author":1,"featured_media":99,"parent":0,"menu_order":0,"comment_status":"open","ping_status":"closed","template":"","meta":{"footnotes":""},"class_list":["post-32","page","type-page","status-publish","has-post-thumbnail","hentry"],"_links":{"self":[{"href":"http:\/\/www.praxis-jarrestadt.de\/index.php?rest_route=\/wp\/v2\/pages\/32","targetHints":{"allow":["GET"]}}],"collection":[{"href":"http:\/\/www.praxis-jarrestadt.de\/index.php?rest_route=\/wp\/v2\/pages"}],"about":[{"href":"http:\/\/www.praxis-jarrestadt.de\/index.php?rest_route=\/wp\/v2\/types\/page"}],"author":[{"embeddable":true,"href":"http:\/\/www.praxis-jarrestadt.de\/index.php?rest_route=\/wp\/v2\/users\/1"}],"replies":[{"embeddable":true,"href":"http:\/\/www.praxis-jarrestadt.de\/index.php?rest_route=%2Fwp%2Fv2%2Fcomments&post=32"}],"version-history":[{"count":5,"href":"http:\/\/www.praxis-jarrestadt.de\/index.php?rest_route=\/wp\/v2\/pages\/32\/revisions"}],"predecessor-version":[{"id":475,"href":"http:\/\/www.praxis-jarrestadt.de\/index.php?rest_route=\/wp\/v2\/pages\/32\/revisions\/475"}],"wp:featuredmedia":[{"embeddable":true,"href":"http:\/\/www.praxis-jarrestadt.de\/index.php?rest_route=\/wp\/v2\/media\/99"}],"wp:attachment":[{"href":"http:\/\/www.praxis-jarrestadt.de\/index.php?rest_route=%2Fwp%2Fv2%2Fmedia&parent=32"}],"curies":[{"name":"wp","href":"https:\/\/api.w.org\/{rel}","templated":true}]}}