{"id":34,"date":"2016-07-31T23:59:39","date_gmt":"2016-07-31T21:59:39","guid":{"rendered":"http:\/\/www.praxis-jarrestadt.de\/?page_id=34"},"modified":"2022-07-05T11:35:03","modified_gmt":"2022-07-05T09:35:03","slug":"psychiatrie","status":"publish","type":"page","link":"http:\/\/www.praxis-jarrestadt.de\/?page_id=34","title":{"rendered":"Psychiatrie"},"content":{"rendered":"<p>Stimmungsschwankungen, \u00c4ngste, Schlafst\u00f6rungen, Appetitst\u00f6rungen, Ersch\u00f6pfung, Konzentrationsst\u00f6rungen, Vergesslichkeit, Schmerzen oder andere k\u00f6rperliche Beschwerden, Verlust der Lebenslust und Lebens\u00fcberdruss k\u00f6nnen Anzeichen einer seelischen Erkrankung sein.<\/p>\n<p>In einem psychiatrischen Untersuchungsgespr\u00e4ch helfen wir Ihnen bei der Kl\u00e4rung der Ursachen und beraten \u00fcber die Notwendigkeit weiterer diagnostischer Ma\u00dfnahmen, wie z.B. EEG, spezielle Laboruntersuchungen, neuropsychologische Testdiagnostik. Gegebenenfalls m\u00fcssen auch andere Fachgruppen wie R\u00f6ntgen\u00e4rzte oder Internisten hinzugezogen werden.<\/p>\n<p>Seelische Erkrankungen sind<\/p>\n<ul>\n<li>Depressionen<\/li>\n<li>Angsterkrankungen und Phobien<\/li>\n<li>Reaktionen auf schwere Belastungen<\/li>\n<li>psychosomatische Beschwerden<\/li>\n<li>Zwangsst\u00f6rungen<\/li>\n<li>manisch-depressive-Erkrankung<\/li>\n<li>schizophrene Psychosen<\/li>\n<li>&#8222;Burnout&#8220;-Syndrom<\/li>\n<li>dissoziative Erkrankungen<\/li>\n<li>St\u00f6rungen der Pers\u00f6nlichkeitsentwicklung<\/li>\n<li>Demenzerkrankungen<\/li>\n<\/ul>\n<p>Wichtiger Bestandteil der Behandlung ist die Aufkl\u00e4rung \u00fcber Ihre Erkrankung und die Entwicklung eines auf Sie pers\u00f6nlich abgestimmten Behandlungskonzepts. Wir beraten Sie \u00fcber die Notwendigkeit einer medikament\u00f6sen Behandlung (z.B. Antidepressiva) und weiterf\u00fchrender ambulanter Therapieangebote (z.B. Soziotherapie), bieten Unterst\u00fctzung bei der Anbindung an psychosoziale Einrichtungen und nutzen die Zusammenarbeit mit vollstation\u00e4ren und teilstation\u00e4ren Fachkliniken.<\/p>\n","protected":false},"excerpt":{"rendered":"<p>Stimmungsschwankungen, \u00c4ngste, Schlafst\u00f6rungen, Appetitst\u00f6rungen, Ersch\u00f6pfung, Konzentrationsst\u00f6rungen, Vergesslichkeit, Schmerzen oder andere k\u00f6rperliche Beschwerden, Verlust der Lebenslust und Lebens\u00fcberdruss k\u00f6nnen Anzeichen einer seelischen Erkrankung sein. In einem psychiatrischen Untersuchungsgespr\u00e4ch helfen wir Ihnen bei der Kl\u00e4rung der Ursachen und beraten \u00fcber die Notwendigkeit weiterer diagnostischer Ma\u00dfnahmen, wie z.B. EEG, spezielle Laboruntersuchungen, neuropsychologische Testdiagnostik. Gegebenenfalls m\u00fcssen auch andere Fachgruppen [&hellip;]<\/p>\n","protected":false},"author":1,"featured_media":13,"parent":0,"menu_order":0,"comment_status":"open","ping_status":"open","template":"","meta":{"footnotes":""},"class_list":["post-34","page","type-page","status-publish","has-post-thumbnail","hentry"],"_links":{"self":[{"href":"http:\/\/www.praxis-jarrestadt.de\/index.php?rest_route=\/wp\/v2\/pages\/34","targetHints":{"allow":["GET"]}}],"collection":[{"href":"http:\/\/www.praxis-jarrestadt.de\/index.php?rest_route=\/wp\/v2\/pages"}],"about":[{"href":"http:\/\/www.praxis-jarrestadt.de\/index.php?rest_route=\/wp\/v2\/types\/page"}],"author":[{"embeddable":true,"href":"http:\/\/www.praxis-jarrestadt.de\/index.php?rest_route=\/wp\/v2\/users\/1"}],"replies":[{"embeddable":true,"href":"http:\/\/www.praxis-jarrestadt.de\/index.php?rest_route=%2Fwp%2Fv2%2Fcomments&post=34"}],"version-history":[{"count":2,"href":"http:\/\/www.praxis-jarrestadt.de\/index.php?rest_route=\/wp\/v2\/pages\/34\/revisions"}],"predecessor-version":[{"id":466,"href":"http:\/\/www.praxis-jarrestadt.de\/index.php?rest_route=\/wp\/v2\/pages\/34\/revisions\/466"}],"wp:featuredmedia":[{"embeddable":true,"href":"http:\/\/www.praxis-jarrestadt.de\/index.php?rest_route=\/wp\/v2\/media\/13"}],"wp:attachment":[{"href":"http:\/\/www.praxis-jarrestadt.de\/index.php?rest_route=%2Fwp%2Fv2%2Fmedia&parent=34"}],"curies":[{"name":"wp","href":"https:\/\/api.w.org\/{rel}","templated":true}]}}