{"id":36,"date":"2016-08-01T00:00:28","date_gmt":"2016-07-31T22:00:28","guid":{"rendered":"http:\/\/www.praxis-jarrestadt.de\/?page_id=36"},"modified":"2020-03-30T09:58:45","modified_gmt":"2020-03-30T07:58:45","slug":"psychotherapie","status":"publish","type":"page","link":"http:\/\/www.praxis-jarrestadt.de\/?page_id=36","title":{"rendered":"Psychotherapie"},"content":{"rendered":"<p>Unser Denken, Handeln und F\u00fchlen unterliegt nicht nur unserem Willen, sondern auch unbewussten psychischen Einfl\u00fcssen. So k\u00f6nnen die unbewussten psychischen Vorg\u00e4nge eine Wirkung auf die seelische und k\u00f6rperliche Gesundheit eines Menschen haben. Als Folge k\u00f6nnen seelische oder k\u00f6rperliche Erkrankungen entstehen.<\/p>\n<p>Die <b>tiefenpsychologisch fundierte Psychotherapie<\/b> hilft, die Hintergr\u00fcnde, Ursachen und Zusammenh\u00e4nge einer Erkrankung zu erkennen und zu verstehen. Ziel der gemeinsamen therapeutischen Arbeit soll ein besseres Verst\u00e4ndnis f\u00fcr die eigenen unbewussten Bed\u00fcrfnisse, aber auch f\u00fcr die individuellen Begrenzungen sein. Die Wahrnehmung eigener problematischer Verhaltensmuster, die einer gesunden Lebensweise entgegenstehen, soll gesch\u00e4rft werden.<\/p>\n<p>Die tiefenpsychologisch fundierte Psychotherapie findet in der Regel mit einer Therapiesitzung pro Woche statt. Die Behandlung erfolgt im Sitzen.<\/p>\n<p>In den <b>Erstgespr\u00e4chen<\/b> (probatorische Sitzungen) geht es zun\u00e4chst um eine diagnostische Einordnung der Krankheitssymptome und die Kl\u00e4rung, ob diese Therapieform f\u00fcr den Einzelnen geeignet ist.<\/p>\n","protected":false},"excerpt":{"rendered":"<p>Unser Denken, Handeln und F\u00fchlen unterliegt nicht nur unserem Willen, sondern auch unbewussten psychischen Einfl\u00fcssen. So k\u00f6nnen die unbewussten psychischen Vorg\u00e4nge eine Wirkung auf die seelische und k\u00f6rperliche Gesundheit eines Menschen haben. Als Folge k\u00f6nnen seelische oder k\u00f6rperliche Erkrankungen entstehen. Die tiefenpsychologisch fundierte Psychotherapie hilft, die Hintergr\u00fcnde, Ursachen und Zusammenh\u00e4nge einer Erkrankung zu erkennen und [&hellip;]<\/p>\n","protected":false},"author":1,"featured_media":14,"parent":0,"menu_order":0,"comment_status":"open","ping_status":"open","template":"","meta":{"footnotes":""},"class_list":["post-36","page","type-page","status-publish","has-post-thumbnail","hentry"],"_links":{"self":[{"href":"http:\/\/www.praxis-jarrestadt.de\/index.php?rest_route=\/wp\/v2\/pages\/36","targetHints":{"allow":["GET"]}}],"collection":[{"href":"http:\/\/www.praxis-jarrestadt.de\/index.php?rest_route=\/wp\/v2\/pages"}],"about":[{"href":"http:\/\/www.praxis-jarrestadt.de\/index.php?rest_route=\/wp\/v2\/types\/page"}],"author":[{"embeddable":true,"href":"http:\/\/www.praxis-jarrestadt.de\/index.php?rest_route=\/wp\/v2\/users\/1"}],"replies":[{"embeddable":true,"href":"http:\/\/www.praxis-jarrestadt.de\/index.php?rest_route=%2Fwp%2Fv2%2Fcomments&post=36"}],"version-history":[{"count":2,"href":"http:\/\/www.praxis-jarrestadt.de\/index.php?rest_route=\/wp\/v2\/pages\/36\/revisions"}],"predecessor-version":[{"id":265,"href":"http:\/\/www.praxis-jarrestadt.de\/index.php?rest_route=\/wp\/v2\/pages\/36\/revisions\/265"}],"wp:featuredmedia":[{"embeddable":true,"href":"http:\/\/www.praxis-jarrestadt.de\/index.php?rest_route=\/wp\/v2\/media\/14"}],"wp:attachment":[{"href":"http:\/\/www.praxis-jarrestadt.de\/index.php?rest_route=%2Fwp%2Fv2%2Fmedia&parent=36"}],"curies":[{"name":"wp","href":"https:\/\/api.w.org\/{rel}","templated":true}]}}