{"id":67,"date":"2016-08-01T00:11:24","date_gmt":"2016-07-31T22:11:24","guid":{"rendered":"http:\/\/www.praxis-jarrestadt.de\/?page_id=67"},"modified":"2020-04-23T13:48:48","modified_gmt":"2020-04-23T11:48:48","slug":"impressum","status":"publish","type":"page","link":"http:\/\/www.praxis-jarrestadt.de\/?page_id=67","title":{"rendered":"Impressum"},"content":{"rendered":"\n<h4 class=\"wp-block-heading\"><strong>Verantwortlich f\u00fcr den Inhalt<\/strong><\/h4>\n\n\n\n<p>Dr. med. Sven Schr\u00f6der<br>Jarrestrasse 42<br>22303 Hamburg<\/p>\n\n\n\n<p>Telefon : 040-27 07 59 01<br>Fax : 040-27 07 59 05<br>eMail : info@praxis-jarrestadt.de<\/p>\n\n\n\n<p>Gesetzliche Berufsbezeichnung:<br>Facharzt f\u00fcr Neurologie<br>Diese Berufsbezeichnung wurde von der Bundesrepublik Deutschland verliehen.<\/p>\n\n\n\n<h4 class=\"wp-block-heading\"><strong>Zust\u00e4ndige Aufsichtsbeh\u00f6rde<\/strong><\/h4>\n\n\n\n<p>\u00c4rztekammer Hamburg<br>Humboldtstrasse 56<br>22083 Hamburg<\/p>\n\n\n\n<p>Telefon : 040-22 80 2-596<br>Fax : 040-22 09 9-80<br>Internet: www.aerztekammer-hamburg.de<\/p>\n\n\n\n<h4 class=\"wp-block-heading\"><strong>Zust\u00e4ndige Kassen\u00e4rztliche Vereinigung<\/strong><\/h4>\n\n\n\n<p>Kassen\u00e4rztliche Vereinigung Hamburg<br>Humboldtstrasse 56<br>22083 Hamburg<\/p>\n\n\n\n<p>Telefon : 040-22 80 2-0<br>Fax : 040-22 80 2-42<br>Internet: www.kvhh.de<\/p>\n\n\n\n<h4 class=\"wp-block-heading\"><strong>Haftungshinweis<\/strong><\/h4>\n\n\n\n<p>Sofern auf dieser Praxishomepage mittels Hyperlink auf andere Webseiten verwiesen wird, kann keine Haftung f\u00fcr die Aktualit\u00e4t, Richtigkeit oder Vollst\u00e4ndigkeit der dort zur Verf\u00fcgung gestellten Informationen \u00fcbernommen werden. F\u00fcr den Inhalt verlinkter Webseiten ist der Inhaber dieser Praxishomepage nicht verantwortlich.<\/p>\n\n\n\n<p>Fragen zur Website richten Sie bitte an info@praxis-jarrestadt.de<\/p>\n","protected":false},"excerpt":{"rendered":"<p>Verantwortlich f\u00fcr den Inhalt Dr. med. Sven Schr\u00f6derJarrestrasse 4222303 Hamburg Telefon : 040-27 07 59 01Fax : 040-27 07 59 05eMail : info@praxis-jarrestadt.de Gesetzliche Berufsbezeichnung:Facharzt f\u00fcr NeurologieDiese Berufsbezeichnung wurde von der Bundesrepublik Deutschland verliehen. Zust\u00e4ndige Aufsichtsbeh\u00f6rde \u00c4rztekammer HamburgHumboldtstrasse 5622083 Hamburg Telefon : 040-22 80 2-596Fax : 040-22 09 9-80Internet: www.aerztekammer-hamburg.de Zust\u00e4ndige Kassen\u00e4rztliche Vereinigung Kassen\u00e4rztliche Vereinigung [&hellip;]<\/p>\n","protected":false},"author":1,"featured_media":97,"parent":0,"menu_order":0,"comment_status":"open","ping_status":"open","template":"","meta":{"footnotes":""},"class_list":["post-67","page","type-page","status-publish","has-post-thumbnail","hentry"],"_links":{"self":[{"href":"http:\/\/www.praxis-jarrestadt.de\/index.php?rest_route=\/wp\/v2\/pages\/67","targetHints":{"allow":["GET"]}}],"collection":[{"href":"http:\/\/www.praxis-jarrestadt.de\/index.php?rest_route=\/wp\/v2\/pages"}],"about":[{"href":"http:\/\/www.praxis-jarrestadt.de\/index.php?rest_route=\/wp\/v2\/types\/page"}],"author":[{"embeddable":true,"href":"http:\/\/www.praxis-jarrestadt.de\/index.php?rest_route=\/wp\/v2\/users\/1"}],"replies":[{"embeddable":true,"href":"http:\/\/www.praxis-jarrestadt.de\/index.php?rest_route=%2Fwp%2Fv2%2Fcomments&post=67"}],"version-history":[{"count":5,"href":"http:\/\/www.praxis-jarrestadt.de\/index.php?rest_route=\/wp\/v2\/pages\/67\/revisions"}],"predecessor-version":[{"id":308,"href":"http:\/\/www.praxis-jarrestadt.de\/index.php?rest_route=\/wp\/v2\/pages\/67\/revisions\/308"}],"wp:featuredmedia":[{"embeddable":true,"href":"http:\/\/www.praxis-jarrestadt.de\/index.php?rest_route=\/wp\/v2\/media\/97"}],"wp:attachment":[{"href":"http:\/\/www.praxis-jarrestadt.de\/index.php?rest_route=%2Fwp%2Fv2%2Fmedia&parent=67"}],"curies":[{"name":"wp","href":"https:\/\/api.w.org\/{rel}","templated":true}]}}